{"id":7809,"date":"2025-01-01T09:47:31","date_gmt":"2025-01-01T13:47:31","guid":{"rendered":"https:\/\/frequencecaraibe.com\/?page_id=7809"},"modified":"2026-02-11T12:00:19","modified_gmt":"2026-02-11T16:00:19","slug":"a-propos","status":"publish","type":"page","link":"https:\/\/frequencecaraibe.com\/index.php\/a-propos\/","title":{"rendered":"\u00c0 Propos"},"content":{"rendered":"\t\t<div data-elementor-type=\"wp-page\" data-elementor-id=\"7809\" class=\"elementor elementor-7809\">\n\t\t\t\t\t\t<section class=\"elementor-section elementor-top-section elementor-element elementor-element-4a5adc9 elementor-section-stretched elementor-section-full_width animated-slow elementor-section-height-default elementor-section-height-default elementor-invisible\" data-id=\"4a5adc9\" data-element_type=\"section\" data-e-type=\"section\" data-settings=\"{&quot;stretch_section&quot;:&quot;section-stretched&quot;,&quot;background_background&quot;:&quot;classic&quot;,&quot;animation&quot;:&quot;fadeIn&quot;}\">\n\t\t\t\t\t\t\t<div class=\"elementor-background-overlay\"><\/div>\n\t\t\t\t\t\t\t<div class=\"elementor-container elementor-column-gap-default\">\n\t\t\t\t\t<div class=\"elementor-column elementor-col-100 elementor-top-column elementor-element elementor-element-55d6a28\" data-id=\"55d6a28\" data-element_type=\"column\" data-e-type=\"column\" data-settings=\"{&quot;background_background&quot;:&quot;classic&quot;}\">\n\t\t\t<div class=\"elementor-widget-wrap elementor-element-populated\">\n\t\t\t\t\t\t<div class=\"elementor-element elementor-element-53d365b elementor-widget elementor-widget-proradio-elementor-section-caption\" data-id=\"53d365b\" data-element_type=\"widget\" data-e-type=\"widget\" data-widget_type=\"proradio-elementor-section-caption.default\">\n\t\t\t\t<div class=\"elementor-widget-container\">\n\t\t\t\t\t\n\t\t<div class=\"proradio-section-caption  proradio-section-caption--m\">\n\n\t\t\t\t\t<div>\n\t\t\t<h4  class=\"proradio-element-caption proradio-caption  proradio-caption__m proradio-caption--neg center proradio-center proradio-caption__c proradio-anim  \" data-qtwaypoints-offset=\"30\" data-qtwaypoints>\t\t\t\t<span>La radio<\/span>\n\t\t\t\t<\/h4>\t\t<\/div>\n\t\t\t\t\t\t<hr class=\"proradio-spacer-s\">\n\t\t\t\t\t\t\t\t<h2 id=\"proradiotabsaacc-propos\" class=\"proradio-center proradio-capfont proradio-proradiotabsaacc-propos proradio-txtfx-oslo-container proradio-textfx-wrap \">\n\t\t\t\t\t\t\t\t\t\t\t\t<span class=\"proradio-txtfx proradio-txtfx--oslo\" data-qtwaypoints-offset=\"50\" data-qtwaypoints >\n\t\t\t\t\t\t\t\t<span>\u00c0<\/span><span> <\/span><span>p<\/span><span>r<\/span><span>o<\/span><span>p<\/span><span>o<\/span><span>s<\/span>\t\t\t\t\t\t\t<\/span>\n\t\t\t\t\t\t\t\t\t\t\t<\/h2>\n\t\t\t\t\t\t\t\t<p>... notre Histoire !<\/p>\n\t\t\t\t\t\t<\/div>\n\t\t\t\t<div data-proradio-customstyles=\".proradio-proradiotabsaacc-propos .proradio-txtfx--oslo span  { color: #0005F9}\n\t\t\t\t\t\t\t.proradio-proradiotabsaacc-propos .proradio-txtfx--oslo.proradio-active span  { color: #0005F9}\n\t\t\t\t\t\t\t.proradio-proradiotabsaacc-propos .proradio-txtfx--oslo::before { border-color: #FFF900}\"><\/div>\n\t\t\t\t\t\t<\/div>\n\t\t\t\t<\/div>\n\t\t\t\t\t<\/div>\n\t\t<\/div>\n\t\t\t\t\t<\/div>\n\t\t<\/section>\n\t\t<div class=\"elementor-element elementor-element-c12cf56 e-flex e-con-boxed e-con e-parent\" data-id=\"c12cf56\" data-element_type=\"container\" data-e-type=\"container\">\n\t\t\t\t\t<div class=\"e-con-inner\">\n\t\t\t\t<div class=\"elementor-element elementor-element-93bf564 elementor-widget elementor-widget-proradio-elementor-qt-caption\" data-id=\"93bf564\" data-element_type=\"widget\" data-e-type=\"widget\" data-widget_type=\"proradio-elementor-qt-caption.default\">\n\t\t\t\t<div class=\"elementor-widget-container\">\n\t\t\t\t\t\t\t<div>\n\t\t\t<h3  class=\"proradio-element-caption proradio-caption  proradio-caption__s  \" data-qtwaypoints-offset=\"30\" data-qtwaypoints>\t\t\t\t<span>L&#039;histoire de la radio <\/span>\n\t\t\t\t<\/h3>\t\t<\/div>\n\t\t\t\t\t\t<\/div>\n\t\t\t\t<\/div>\n\t\t\t\t<div class=\"elementor-element elementor-element-9714365 elementor-widget elementor-widget-text-editor\" data-id=\"9714365\" data-element_type=\"widget\" data-e-type=\"widget\" data-widget_type=\"text-editor.default\">\n\t\t\t\t<div class=\"elementor-widget-container\">\n\t\t\t\t\t\t\t\t\t<p><span class=\"corps-pages\">Radio locale associative (cat\u00e9gorie A.) fond\u00e9e en avril 1982 en Martinique.<br \/>Radio Fr\u00e9quence Cara\u00efbe est cr\u00e9\u00e9e en <strong>avril\u00a0<\/strong><strong>1982<\/strong> au carbet sur <strong>89,5 MHz<\/strong> et sur <strong>106,6 MHz<br \/><\/strong>Elle est g\u00e9r\u00e9e par l<strong>&lsquo;association Carb\u00e9tienne d&rsquo;Informations Culturelles<\/strong>, d\u00e9clar\u00e9e le <strong>24 avril 1982<\/strong> \u00e0 la <strong>Pr\u00e9fecture de la Martinique.<\/strong><\/span><\/p><p>Cette association a pour but d&rsquo;informer et de distraire la population du Nord-cara\u00efbe par le biais d&rsquo;une station de radiodiffusion.\u00a0Les ressources de l&rsquo;association se composent de subventions des collectivit\u00e9s locales, de dons et essentiellement du Fond de Soutien \u00e0 l&rsquo;Expression Radiophonique.<\/p><p>Elle a un conseil d&rsquo;administration, d\u00f4t\u00e9 d&rsquo;un bureau compos\u00e9 de :<br \/>&#8211; Un Pr\u00e9sident,<br \/>&#8211; Un Vice-Pr\u00e9sident,<br \/>&#8211; Une Secr\u00e9taire g\u00e9n\u00e9rale,<br \/>&#8211; Un Secr\u00e9taire adjoint,<br \/>&#8211; Un Tr\u00e9sorier,<br \/>&#8211; Un Tr\u00e9sorier-adjoint,<br \/>&#8211; Un Assesseur.<\/p><p>La station poss\u00e8de des locaux de 50 m\u00b2, qui comportent 2 studios, une discoth\u00e8que, un bureau administratif et une salle de d\u00e9tente. Le premier studio est \u00e9quip\u00e9 pour la diffusion des \u00e9missions produites par les animateurs et disc-jockeys.<\/p><p>Le deuxi\u00e8me studio est \u00e9quip\u00e9 pour la production d&rsquo;\u00e9missions en podcast et de spots publicitaires.<\/p><p>L&rsquo;\u00e9quipe radio est compos\u00e9e d&rsquo;une dizaine de personnes. Elle s&rsquo;attelle \u00e0 la r\u00e9alisation et \u00e0 la diffusion de programmation musicale, d&rsquo;\u00e9missions culturelles et au respect du passage \u00e0 l&rsquo;antenne des communiqu\u00e9s et messages publicitaires.<\/p><p>La station produit aussi des \u00e9missions en direct dans les locaux d&rsquo;entreprises et de restaurateurs avec lesquels elle a pass\u00e9 des accords commerciaux.<\/p><p>Elle invite toutes les associations et organisations sociaux-\u00e9ducatives \u00e0 intervenir \u00e0 l&rsquo;antenne. Son unit\u00e9 de mat\u00e9riel de reportage lui permet d&rsquo;\u00eatre pr\u00e9sente pour retransmettre en direct les f\u00eates communales, manifestations sportives, d\u00e9bats organis\u00e9s par des associations.<br \/>Tout type d&rsquo;\u00e9missions culturelles, religieuses, sportives et de jeux trouve sa place dans la grille de programme.<br \/>La station n&rsquo;accepte pas d&rsquo;\u00e9missions \u00e0 caract\u00e8re politique sur ses ondes ainsi que les campagnes \u00e9lectorales.<\/p><p>L&rsquo;objectif principal de RFC est d&rsquo;aller \u00e0 la rencontre de ses auditeurs et de les divertir.<\/p><p>Pour la diffusion, la radio dispose au studio d&rsquo;un syst\u00e8me de traitement de son ORBAN Optimod 8300 reli\u00e9 \u00e0 un faisceau hertzien et qui excite l&rsquo;\u00e9metteur principal cal\u00e9 sur 89.5 MHz se trouvant sur le Morne Folie au Pr\u00eacheur. Cet \u00e9metteur couvre les villes du Pr\u00eacheur, Saint-Pierre, Morne Rouge, Carbet, Fond-Saint-Denis, Morne-Vert.<\/p><p>Un second \u00e9metteur relais cal\u00e9 sur 106.6 MHz se trouvant au quartier Verrier \u00e0 Bellefontaine, permet de couvrir les villes de Bellefontaine, Morne Vert, Case-Pilote et Schoelcher.<\/p><p>La programmation est g\u00e9r\u00e9e \u00e0 l&rsquo;aide du logiciel de radio automation JAZLER SOHO.<\/p><p>La radio dispose d&rsquo;\u00e9metteurs portatifs ainsi que des valises reportage par t\u00e9l\u00e9phone pour la retransmission en direct de ses \u00e9missions ext\u00e9rieures.<br \/><strong><br \/><\/strong>A l&rsquo;initiative de\u00a0<strong>Radio Actif Martinique<\/strong>,\u00a0<strong>Radio Atlantic FM<\/strong>,\u00a0<strong>Radio Banlieue Relaxe<\/strong>,\u00a0<strong>Radio Campus\u00a0<\/strong><strong>FM, Radio Cayali, Radio Esp\u00e9rance, Radio Fr\u00e9quence Cara\u00efbe, Radio Imagine, Radio L\u00e9v\u00e9 Doubout Matinik, Radio Pel\u00e9e FM et Radio Sainte-Marie,<\/strong>\u00a0il est cr\u00e9\u00e9 une association r\u00e9gionale intitul\u00e9e\u00a0<strong>F\u00e9d\u00e9ration des Radios de cat\u00e9gorie A de la Martinique &#8211; FEDERAM.<\/strong><\/p><p><strong>RFC<\/strong><\/p><p><strong>Fr\u00e9quences :<\/strong><br \/>&#8211; Pr\u00eacheur 89.5 MHz<br \/>&#8211; Bellefontaine 106.6 MHz<\/p><p><strong><br \/>Association Carb\u00e9tienne d&rsquo;Informations Culturelles<br \/><\/strong> 1 Boulevard du Bord de Mer<br \/>97221 LE CARBET<br \/>MARTINIQUE<br \/><strong><br \/><\/strong><\/p>\t\t\t\t\t\t\t\t<\/div>\n\t\t\t\t<\/div>\n\t\t\t\t\t<\/div>\n\t\t\t\t<\/div>\n\t\t\t\t<\/div>\n\t\t","protected":false},"excerpt":{"rendered":"<p>La radio \u00c0 propos &#8230; notre Histoire ! L&#039;histoire de la radio Radio locale associative (cat\u00e9gorie A.) fond\u00e9e en avril 1982 en Martinique.Radio Fr\u00e9quence Cara\u00efbe est cr\u00e9\u00e9e en avril\u00a01982 au carbet sur 89,5 MHz et sur 106,6 MHzElle est g\u00e9r\u00e9e par l&lsquo;association Carb\u00e9tienne d&rsquo;Informations Culturelles, d\u00e9clar\u00e9e le 24 avril 1982 ...<\/p>\n","protected":false},"author":1,"featured_media":0,"parent":0,"menu_order":0,"comment_status":"closed","ping_status":"closed","template":"page-visualcomposer.php","meta":{"footnotes":""},"class_list":["post-7809","page","type-page","status-publish","hentry"],"yoast_head":"<!-- This site is optimized with the Yoast SEO plugin v27.2 - https:\/\/yoast.com\/product\/yoast-seo-wordpress\/ -->\n<title>\u00c0 Propos - RADIO FREQUENCE CARAIBE<\/title>\n<meta name=\"robots\" content=\"index, follow, max-snippet:-1, max-image-preview:large, max-video-preview:-1\" \/>\n<link rel=\"canonical\" href=\"https:\/\/frequencecaraibe.com\/index.php\/a-propos\/\" \/>\n<meta property=\"og:locale\" content=\"fr_FR\" \/>\n<meta property=\"og:type\" content=\"article\" \/>\n<meta property=\"og:title\" content=\"\u00c0 Propos - RADIO FREQUENCE CARAIBE\" \/>\n<meta property=\"og:description\" content=\"La radio \u00c0 propos &#8230; notre Histoire ! L&#039;histoire de la radio Radio locale associative (cat\u00e9gorie A.) fond\u00e9e en avril 1982 en Martinique.Radio Fr\u00e9quence Cara\u00efbe est cr\u00e9\u00e9e en avril\u00a01982 au carbet sur 89,5 MHz et sur 106,6 MHzElle est g\u00e9r\u00e9e par l&lsquo;association Carb\u00e9tienne d&rsquo;Informations Culturelles, d\u00e9clar\u00e9e le 24 avril 1982 [...]\" \/>\n<meta property=\"og:url\" content=\"https:\/\/frequencecaraibe.com\/index.php\/a-propos\/\" \/>\n<meta property=\"og:site_name\" content=\"RADIO FREQUENCE CARAIBE\" \/>\n<meta property=\"article:modified_time\" content=\"2026-02-11T16:00:19+00:00\" \/>\n<meta name=\"twitter:card\" content=\"summary_large_image\" \/>\n<meta name=\"twitter:label1\" content=\"Dur\u00e9e de lecture estim\u00e9e\" \/>\n\t<meta name=\"twitter:data1\" content=\"3 minutes\" \/>\n<script type=\"application\/ld+json\" class=\"yoast-schema-graph\">{\"@context\":\"https:\/\/schema.org\",\"@graph\":[{\"@type\":\"WebPage\",\"@id\":\"https:\/\/frequencecaraibe.com\/index.php\/a-propos\/\",\"url\":\"https:\/\/frequencecaraibe.com\/index.php\/a-propos\/\",\"name\":\"\u00c0 Propos - RADIO FREQUENCE CARAIBE\",\"isPartOf\":{\"@id\":\"https:\/\/frequencecaraibe.com\/#website\"},\"datePublished\":\"2025-01-01T13:47:31+00:00\",\"dateModified\":\"2026-02-11T16:00:19+00:00\",\"breadcrumb\":{\"@id\":\"https:\/\/frequencecaraibe.com\/index.php\/a-propos\/#breadcrumb\"},\"inLanguage\":\"fr-FR\",\"potentialAction\":[{\"@type\":\"ReadAction\",\"target\":[\"https:\/\/frequencecaraibe.com\/index.php\/a-propos\/\"]}]},{\"@type\":\"BreadcrumbList\",\"@id\":\"https:\/\/frequencecaraibe.com\/index.php\/a-propos\/#breadcrumb\",\"itemListElement\":[{\"@type\":\"ListItem\",\"position\":1,\"name\":\"Accueil\",\"item\":\"https:\/\/frequencecaraibe.com\/\"},{\"@type\":\"ListItem\",\"position\":2,\"name\":\"\u00c0 Propos\"}]},{\"@type\":\"WebSite\",\"@id\":\"https:\/\/frequencecaraibe.com\/#website\",\"url\":\"https:\/\/frequencecaraibe.com\/\",\"name\":\"RADIO FREQUENCE CARAIBE\",\"description\":\"La radio de la cote caraibe !\",\"publisher\":{\"@id\":\"https:\/\/frequencecaraibe.com\/#organization\"},\"potentialAction\":[{\"@type\":\"SearchAction\",\"target\":{\"@type\":\"EntryPoint\",\"urlTemplate\":\"https:\/\/frequencecaraibe.com\/?s={search_term_string}\"},\"query-input\":{\"@type\":\"PropertyValueSpecification\",\"valueRequired\":true,\"valueName\":\"search_term_string\"}}],\"inLanguage\":\"fr-FR\"},{\"@type\":\"Organization\",\"@id\":\"https:\/\/frequencecaraibe.com\/#organization\",\"name\":\"RADIO FREQUENCE CARAIBE\",\"url\":\"https:\/\/frequencecaraibe.com\/\",\"logo\":{\"@type\":\"ImageObject\",\"inLanguage\":\"fr-FR\",\"@id\":\"https:\/\/frequencecaraibe.com\/#\/schema\/logo\/image\/\",\"url\":\"https:\/\/frequencecaraibe.com\/wp-content\/uploads\/2020\/06\/logo_rfc.jpg\",\"contentUrl\":\"https:\/\/frequencecaraibe.com\/wp-content\/uploads\/2020\/06\/logo_rfc.jpg\",\"width\":500,\"height\":500,\"caption\":\"RADIO FREQUENCE CARAIBE\"},\"image\":{\"@id\":\"https:\/\/frequencecaraibe.com\/#\/schema\/logo\/image\/\"}}]}<\/script>\n<!-- \/ Yoast SEO plugin. -->","yoast_head_json":{"title":"\u00c0 Propos - RADIO FREQUENCE CARAIBE","robots":{"index":"index","follow":"follow","max-snippet":"max-snippet:-1","max-image-preview":"max-image-preview:large","max-video-preview":"max-video-preview:-1"},"canonical":"https:\/\/frequencecaraibe.com\/index.php\/a-propos\/","og_locale":"fr_FR","og_type":"article","og_title":"\u00c0 Propos - RADIO FREQUENCE CARAIBE","og_description":"La radio \u00c0 propos &#8230; notre Histoire ! L&#039;histoire de la radio Radio locale associative (cat\u00e9gorie A.) fond\u00e9e en avril 1982 en Martinique.Radio Fr\u00e9quence Cara\u00efbe est cr\u00e9\u00e9e en avril\u00a01982 au carbet sur 89,5 MHz et sur 106,6 MHzElle est g\u00e9r\u00e9e par l&lsquo;association Carb\u00e9tienne d&rsquo;Informations Culturelles, d\u00e9clar\u00e9e le 24 avril 1982 [...]","og_url":"https:\/\/frequencecaraibe.com\/index.php\/a-propos\/","og_site_name":"RADIO FREQUENCE CARAIBE","article_modified_time":"2026-02-11T16:00:19+00:00","twitter_card":"summary_large_image","twitter_misc":{"Dur\u00e9e de lecture estim\u00e9e":"3 minutes"},"schema":{"@context":"https:\/\/schema.org","@graph":[{"@type":"WebPage","@id":"https:\/\/frequencecaraibe.com\/index.php\/a-propos\/","url":"https:\/\/frequencecaraibe.com\/index.php\/a-propos\/","name":"\u00c0 Propos - RADIO FREQUENCE CARAIBE","isPartOf":{"@id":"https:\/\/frequencecaraibe.com\/#website"},"datePublished":"2025-01-01T13:47:31+00:00","dateModified":"2026-02-11T16:00:19+00:00","breadcrumb":{"@id":"https:\/\/frequencecaraibe.com\/index.php\/a-propos\/#breadcrumb"},"inLanguage":"fr-FR","potentialAction":[{"@type":"ReadAction","target":["https:\/\/frequencecaraibe.com\/index.php\/a-propos\/"]}]},{"@type":"BreadcrumbList","@id":"https:\/\/frequencecaraibe.com\/index.php\/a-propos\/#breadcrumb","itemListElement":[{"@type":"ListItem","position":1,"name":"Accueil","item":"https:\/\/frequencecaraibe.com\/"},{"@type":"ListItem","position":2,"name":"\u00c0 Propos"}]},{"@type":"WebSite","@id":"https:\/\/frequencecaraibe.com\/#website","url":"https:\/\/frequencecaraibe.com\/","name":"RADIO FREQUENCE CARAIBE","description":"La radio de la cote caraibe !","publisher":{"@id":"https:\/\/frequencecaraibe.com\/#organization"},"potentialAction":[{"@type":"SearchAction","target":{"@type":"EntryPoint","urlTemplate":"https:\/\/frequencecaraibe.com\/?s={search_term_string}"},"query-input":{"@type":"PropertyValueSpecification","valueRequired":true,"valueName":"search_term_string"}}],"inLanguage":"fr-FR"},{"@type":"Organization","@id":"https:\/\/frequencecaraibe.com\/#organization","name":"RADIO FREQUENCE CARAIBE","url":"https:\/\/frequencecaraibe.com\/","logo":{"@type":"ImageObject","inLanguage":"fr-FR","@id":"https:\/\/frequencecaraibe.com\/#\/schema\/logo\/image\/","url":"https:\/\/frequencecaraibe.com\/wp-content\/uploads\/2020\/06\/logo_rfc.jpg","contentUrl":"https:\/\/frequencecaraibe.com\/wp-content\/uploads\/2020\/06\/logo_rfc.jpg","width":500,"height":500,"caption":"RADIO FREQUENCE CARAIBE"},"image":{"@id":"https:\/\/frequencecaraibe.com\/#\/schema\/logo\/image\/"}}]}},"_links":{"self":[{"href":"https:\/\/frequencecaraibe.com\/index.php\/wp-json\/wp\/v2\/pages\/7809","targetHints":{"allow":["GET"]}}],"collection":[{"href":"https:\/\/frequencecaraibe.com\/index.php\/wp-json\/wp\/v2\/pages"}],"about":[{"href":"https:\/\/frequencecaraibe.com\/index.php\/wp-json\/wp\/v2\/types\/page"}],"author":[{"embeddable":true,"href":"https:\/\/frequencecaraibe.com\/index.php\/wp-json\/wp\/v2\/users\/1"}],"replies":[{"embeddable":true,"href":"https:\/\/frequencecaraibe.com\/index.php\/wp-json\/wp\/v2\/comments?post=7809"}],"version-history":[{"count":60,"href":"https:\/\/frequencecaraibe.com\/index.php\/wp-json\/wp\/v2\/pages\/7809\/revisions"}],"predecessor-version":[{"id":9587,"href":"https:\/\/frequencecaraibe.com\/index.php\/wp-json\/wp\/v2\/pages\/7809\/revisions\/9587"}],"wp:attachment":[{"href":"https:\/\/frequencecaraibe.com\/index.php\/wp-json\/wp\/v2\/media?parent=7809"}],"curies":[{"name":"wp","href":"https:\/\/api.w.org\/{rel}","templated":true}]}}